{"id":770,"date":"2025-08-03T07:11:04","date_gmt":"2025-08-03T05:11:04","guid":{"rendered":"https:\/\/ellelabiencherche.com\/?page_id=770"},"modified":"2025-08-03T07:11:04","modified_gmt":"2025-08-03T05:11:04","slug":"faqs","status":"publish","type":"page","link":"https:\/\/ellelabiencherche.com\/index.php\/faqs\/","title":{"rendered":"FAQs"},"content":{"rendered":"\n<p><\/p>\n\n\n\n<p><\/p>\n\n\n\n<p>Email : ellelabiencherche@gmail.com \/ maud.lebar@gmail.com \/ gueno.bouvet@gmail.com<\/p>\n\n\n\n<p>\u2192 <a href=\"http:\/\/www.facebook.com\/ellelabiencherche\">Facebook<\/a><\/p>\n\n\n\n<p>\u2192 <a href=\"https:\/\/www.linkedin.com\/company\/elle-l-a-bien-cherch%C3%A9\/?viewAsMember=true\">Linkedin<\/a><\/p>\n\n\n\n<p>\u2192 <a href=\"http:\/\/www.instagram.com\/ellelabiencherche\">Insta<\/a><\/p>\n\n\n\n<p>Tel : <\/p>\n\n\n\n<ul class=\"wp-block-list\">\n<li>Maud LE BAR : (+687) 80 40 21<\/li>\n\n\n\n<li>Gu\u00e9nol\u00e9 BOUVET : (+687) 78 62 55<\/li>\n<\/ul>\n","protected":false},"excerpt":{"rendered":"<p>Email : ellelabiencherche@gmail.com \/ maud.lebar@gmail.com \/ gueno.bouvet@gmail.com \u2192 Facebook \u2192 Linkedin \u2192 Insta Tel :<\/p>\n","protected":false},"author":1,"featured_media":0,"parent":0,"menu_order":0,"comment_status":"closed","ping_status":"closed","template":"","meta":{"footnotes":""},"class_list":["post-770","page","type-page","status-publish","hentry"],"yoast_head":"<!-- This site is optimized with the Yoast SEO plugin v20.4 - https:\/\/yoast.com\/wordpress\/plugins\/seo\/ -->\n<title>FAQs - Elle l&#039;a bien cherch\u00e9 !?<\/title>\n<meta name=\"robots\" content=\"index, follow, max-snippet:-1, max-image-preview:large, max-video-preview:-1\" \/>\n<link rel=\"canonical\" href=\"https:\/\/ellelabiencherche.com\/index.php\/faqs\/\" \/>\n<meta property=\"og:locale\" content=\"fr_FR\" \/>\n<meta property=\"og:type\" content=\"article\" \/>\n<meta property=\"og:title\" content=\"FAQs - Elle l&#039;a bien cherch\u00e9 !?\" \/>\n<meta property=\"og:description\" content=\"Email : ellelabiencherche@gmail.com \/ maud.lebar@gmail.com \/ gueno.bouvet@gmail.com \u2192 Facebook \u2192 Linkedin \u2192 Insta Tel :\" \/>\n<meta property=\"og:url\" content=\"https:\/\/ellelabiencherche.com\/index.php\/faqs\/\" \/>\n<meta property=\"og:site_name\" content=\"Elle l&#039;a bien cherch\u00e9 !?\" \/>\n<meta property=\"article:publisher\" content=\"https:\/\/www.facebook.com\/ellelabiencherche\" \/>\n<meta name=\"twitter:card\" content=\"summary_large_image\" \/>\n<meta name=\"twitter:label1\" content=\"Dur\u00e9e de lecture estim\u00e9e\" \/>\n\t<meta name=\"twitter:data1\" content=\"1 minute\" \/>\n<script type=\"application\/ld+json\" class=\"yoast-schema-graph\">{\"@context\":\"https:\/\/schema.org\",\"@graph\":[{\"@type\":\"WebPage\",\"@id\":\"https:\/\/ellelabiencherche.com\/index.php\/faqs\/\",\"url\":\"https:\/\/ellelabiencherche.com\/index.php\/faqs\/\",\"name\":\"FAQs - Elle l&#039;a bien cherch\u00e9 !?\",\"isPartOf\":{\"@id\":\"https:\/\/ellelabiencherche.com\/#website\"},\"datePublished\":\"2025-08-03T05:11:04+00:00\",\"dateModified\":\"2025-08-03T05:11:04+00:00\",\"breadcrumb\":{\"@id\":\"https:\/\/ellelabiencherche.com\/index.php\/faqs\/#breadcrumb\"},\"inLanguage\":\"fr-FR\",\"potentialAction\":[{\"@type\":\"ReadAction\",\"target\":[\"https:\/\/ellelabiencherche.com\/index.php\/faqs\/\"]}]},{\"@type\":\"BreadcrumbList\",\"@id\":\"https:\/\/ellelabiencherche.com\/index.php\/faqs\/#breadcrumb\",\"itemListElement\":[{\"@type\":\"ListItem\",\"position\":1,\"name\":\"Accueil\",\"item\":\"https:\/\/ellelabiencherche.com\/\"},{\"@type\":\"ListItem\",\"position\":2,\"name\":\"FAQs\"}]},{\"@type\":\"WebSite\",\"@id\":\"https:\/\/ellelabiencherche.com\/#website\",\"url\":\"https:\/\/ellelabiencherche.com\/\",\"name\":\"Elle l&#039;a bien cherch\u00e9 !?\",\"description\":\"Formation et sensibilisation - \u00c9galit\u00e9 femmes\/hommes - Lutte contre le sexisme - Fresque du sexisme\",\"publisher\":{\"@id\":\"https:\/\/ellelabiencherche.com\/#organization\"},\"potentialAction\":[{\"@type\":\"SearchAction\",\"target\":{\"@type\":\"EntryPoint\",\"urlTemplate\":\"https:\/\/ellelabiencherche.com\/?s={search_term_string}\"},\"query-input\":\"required name=search_term_string\"}],\"inLanguage\":\"fr-FR\"},{\"@type\":\"Organization\",\"@id\":\"https:\/\/ellelabiencherche.com\/#organization\",\"name\":\"Elle l'a bien cherch\u00e9 !\",\"url\":\"https:\/\/ellelabiencherche.com\/\",\"logo\":{\"@type\":\"ImageObject\",\"inLanguage\":\"fr-FR\",\"@id\":\"https:\/\/ellelabiencherche.com\/#\/schema\/logo\/image\/\",\"url\":\"https:\/\/ellelabiencherche.com\/wp-content\/uploads\/2022\/06\/blog-Couverture-Facebook3.jpeg\",\"contentUrl\":\"https:\/\/ellelabiencherche.com\/wp-content\/uploads\/2022\/06\/blog-Couverture-Facebook3.jpeg\",\"width\":851,\"height\":315,\"caption\":\"Elle l'a bien cherch\u00e9 !\"},\"image\":{\"@id\":\"https:\/\/ellelabiencherche.com\/#\/schema\/logo\/image\/\"},\"sameAs\":[\"https:\/\/www.facebook.com\/ellelabiencherche\",\"https:\/\/www.instagram.com\/ellelabiencherche\/\"]}]}<\/script>\n<!-- \/ Yoast SEO plugin. -->","yoast_head_json":{"title":"FAQs - Elle l&#039;a bien cherch\u00e9 !?","robots":{"index":"index","follow":"follow","max-snippet":"max-snippet:-1","max-image-preview":"max-image-preview:large","max-video-preview":"max-video-preview:-1"},"canonical":"https:\/\/ellelabiencherche.com\/index.php\/faqs\/","og_locale":"fr_FR","og_type":"article","og_title":"FAQs - Elle l&#039;a bien cherch\u00e9 !?","og_description":"Email : ellelabiencherche@gmail.com \/ maud.lebar@gmail.com \/ gueno.bouvet@gmail.com \u2192 Facebook \u2192 Linkedin \u2192 Insta Tel :","og_url":"https:\/\/ellelabiencherche.com\/index.php\/faqs\/","og_site_name":"Elle l&#039;a bien cherch\u00e9 !?","article_publisher":"https:\/\/www.facebook.com\/ellelabiencherche","twitter_card":"summary_large_image","twitter_misc":{"Dur\u00e9e de lecture estim\u00e9e":"1 minute"},"schema":{"@context":"https:\/\/schema.org","@graph":[{"@type":"WebPage","@id":"https:\/\/ellelabiencherche.com\/index.php\/faqs\/","url":"https:\/\/ellelabiencherche.com\/index.php\/faqs\/","name":"FAQs - Elle l&#039;a bien cherch\u00e9 !?","isPartOf":{"@id":"https:\/\/ellelabiencherche.com\/#website"},"datePublished":"2025-08-03T05:11:04+00:00","dateModified":"2025-08-03T05:11:04+00:00","breadcrumb":{"@id":"https:\/\/ellelabiencherche.com\/index.php\/faqs\/#breadcrumb"},"inLanguage":"fr-FR","potentialAction":[{"@type":"ReadAction","target":["https:\/\/ellelabiencherche.com\/index.php\/faqs\/"]}]},{"@type":"BreadcrumbList","@id":"https:\/\/ellelabiencherche.com\/index.php\/faqs\/#breadcrumb","itemListElement":[{"@type":"ListItem","position":1,"name":"Accueil","item":"https:\/\/ellelabiencherche.com\/"},{"@type":"ListItem","position":2,"name":"FAQs"}]},{"@type":"WebSite","@id":"https:\/\/ellelabiencherche.com\/#website","url":"https:\/\/ellelabiencherche.com\/","name":"Elle l&#039;a bien cherch\u00e9 !?","description":"Formation et sensibilisation - \u00c9galit\u00e9 femmes\/hommes - Lutte contre le sexisme - Fresque du sexisme","publisher":{"@id":"https:\/\/ellelabiencherche.com\/#organization"},"potentialAction":[{"@type":"SearchAction","target":{"@type":"EntryPoint","urlTemplate":"https:\/\/ellelabiencherche.com\/?s={search_term_string}"},"query-input":"required name=search_term_string"}],"inLanguage":"fr-FR"},{"@type":"Organization","@id":"https:\/\/ellelabiencherche.com\/#organization","name":"Elle l'a bien cherch\u00e9 !","url":"https:\/\/ellelabiencherche.com\/","logo":{"@type":"ImageObject","inLanguage":"fr-FR","@id":"https:\/\/ellelabiencherche.com\/#\/schema\/logo\/image\/","url":"https:\/\/ellelabiencherche.com\/wp-content\/uploads\/2022\/06\/blog-Couverture-Facebook3.jpeg","contentUrl":"https:\/\/ellelabiencherche.com\/wp-content\/uploads\/2022\/06\/blog-Couverture-Facebook3.jpeg","width":851,"height":315,"caption":"Elle l'a bien cherch\u00e9 !"},"image":{"@id":"https:\/\/ellelabiencherche.com\/#\/schema\/logo\/image\/"},"sameAs":["https:\/\/www.facebook.com\/ellelabiencherche","https:\/\/www.instagram.com\/ellelabiencherche\/"]}]}},"_links":{"self":[{"href":"https:\/\/ellelabiencherche.com\/index.php\/wp-json\/wp\/v2\/pages\/770","targetHints":{"allow":["GET"]}}],"collection":[{"href":"https:\/\/ellelabiencherche.com\/index.php\/wp-json\/wp\/v2\/pages"}],"about":[{"href":"https:\/\/ellelabiencherche.com\/index.php\/wp-json\/wp\/v2\/types\/page"}],"author":[{"embeddable":true,"href":"https:\/\/ellelabiencherche.com\/index.php\/wp-json\/wp\/v2\/users\/1"}],"replies":[{"embeddable":true,"href":"https:\/\/ellelabiencherche.com\/index.php\/wp-json\/wp\/v2\/comments?post=770"}],"version-history":[{"count":1,"href":"https:\/\/ellelabiencherche.com\/index.php\/wp-json\/wp\/v2\/pages\/770\/revisions"}],"predecessor-version":[{"id":771,"href":"https:\/\/ellelabiencherche.com\/index.php\/wp-json\/wp\/v2\/pages\/770\/revisions\/771"}],"wp:attachment":[{"href":"https:\/\/ellelabiencherche.com\/index.php\/wp-json\/wp\/v2\/media?parent=770"}],"curies":[{"name":"wp","href":"https:\/\/api.w.org\/{rel}","templated":true}]}}