{"id":7,"date":"2022-01-09T14:37:42","date_gmt":"2022-01-09T13:37:42","guid":{"rendered":"http:\/\/ellelabiencherche.com\/?page_id=7"},"modified":"2026-01-29T03:54:42","modified_gmt":"2026-01-29T02:54:42","slug":"creez-votre-site-avec-des-blocs","status":"publish","type":"page","link":"https:\/\/ellelabiencherche.com\/","title":{"rendered":"Bienvenue sur le site de r\u00e9f\u00e9rence de la lutte pour l&#8217;\u00e9galit\u00e9 femmes-hommes en Nouvelle-Cal\u00e9donie :)"},"content":{"rendered":"\n<h2 class=\"wp-block-heading\">A Noum\u00e9a, et en Nouvelle-Cal\u00e9donie, nous proposons des ateliers de lutte contre le sexisme pour les entreprises, les organisations, le milieu scolaire et les particuliers. Mais \u00e9galement des interventions sur-mesure ainsi que des formations des d\u00e9l\u00e9gu\u00e9\u00b7e\u00b7s \u00e0 la lutte contre le sexisme. Nous animons des sensibilisations, des fresques du sexisme, des ateliers d&#8217;intelligence collective, des th\u00e9\u00e2tres-forums autour de la lutte contre le sexisme, pour l&#8217;\u00e9galit\u00e9 femme-homme.<\/h2>\n\n\n\n<p class=\"has-text-align-wide has-gigantic-font-size\">Si vous cherchez \u00e0 promouvoir une intervention sur l&#8217;\u00e9galit\u00e9 femmes-hommes ou sur la pr\u00e9vention des violences sexistes, ou si vous voulez simplement vous informer sur le sujet, vous \u00eates au bon endroit !<\/p>\n\n\n<div id=\"fb-root\"><\/div>\n<p><script async=\"\" defer=\"\" crossorigin=\"anonymous\" src=\"https:\/\/connect.facebook.net\/fr_FR\/sdk.js#xfbml=1&amp;version=v14.0\" nonce=\"NvTv9q6m\"><\/script><\/p>\n<div class=\"fb-like\" data-href=\"https:\/\/www.facebook.com\/ellelabiencherche\/\" data-width=\"\" data-layout=\"standard\" data-action=\"like\" data-size=\"small\" data-share=\"true\"><\/div>\n\n\n\n<div style=\"height:100px\" aria-hidden=\"true\" class=\"wp-block-spacer\"><\/div>\n\n\n\n<div class=\"wp-block-columns alignwide are-vertically-aligned-top is-layout-flex wp-container-core-columns-is-layout-9d6595d7 wp-block-columns-is-layout-flex\">\n<div class=\"wp-block-column is-vertically-aligned-top is-layout-flow wp-block-column-is-layout-flow\">\n<h3 class=\"wp-block-heading\">&#8220;Elle l&#8217;a bien cherch\u00e9&#8221; c&#8217;est quoi ?<\/h3>\n\n\n\n<p>Au d\u00e9part, un simple blog visant \u00e0 transmettre et rendre un peu plus visible le savoir accumul\u00e9 sur les violences, le f\u00e9minisme, les st\u00e9r\u00e9otypes de genre, et tout autre sujet int\u00e9ressant qui pourrait surgir. Et puis, \u00e0 force de plonger dans ce sujet, certes dur mais aussi passionnant, une activit\u00e9 professionnelle est n\u00e9e : former, sensibiliser, agir pour l&#8217;\u00e9galit\u00e9 et contre le sexisme qui est \u00e0 l&#8217;origine des violences faites aux femmes.<\/p>\n<\/div>\n\n\n\n<div class=\"wp-block-column is-vertically-aligned-top is-layout-flow wp-block-column-is-layout-flow\">\n<h3 class=\"wp-block-heading\">&#8220;Elle l&#8217;a bien cherch\u00e9&#8221; c&#8217;est pour qui ?<\/h3>\n\n\n\n<p>Entreprises, particuliers, collectivit\u00e9s, associations, simples curieux\u00b7se, vous trouverez ici des articles sur le sujet de l&#8217;\u00e9galit\u00e9, du f\u00e9minisme (non ce n&#8217;est pas un gros mot !), et des violences sexistes, ainsi que des prestations pour des interventions sur mesure \u00e0 but de pr\u00e9vention et de sensibilisation.<\/p>\n<\/div>\n\n\n\n<div class=\"wp-block-column is-vertically-aligned-top is-layout-flow wp-block-column-is-layout-flow\">\n<h3 class=\"wp-block-heading\">Comment nous travaillons ?<\/h3>\n\n\n\n<p>Les contenus des interventions ainsi que des articles sont issus de travaux r\u00e9alis\u00e9s par des chercheur\u2022euse\u2022s, institutions, collectifs, associations, groupes de r\u00e9flexion. Un travail de sources et de bibliographie est r\u00e9alis\u00e9 pour une plus grande fiabilit\u00e9 des savoirs dispens\u00e9s.<\/p>\n\n\n\n<p>En solo ou en duo, les interventions peuvent prendre plusieurs formes : th\u00e9\u00e2tre-forum, ateliers p\u00e9dagogiques, intelligence collective&#8230; Elles sont adaptables et modulables selon vos besoins pr\u00e9cis.<\/p>\n<\/div>\n<\/div>\n\n\n\n<div style=\"height:100px\" aria-hidden=\"true\" class=\"wp-block-spacer\"><\/div>\n\n\n<p><iframe loading=\"lazy\" width=\"540\" height=\"505\" src=\"https:\/\/80c603de.sibforms.com\/serve\/MUIFAHsxbxAOyOZC_KbUYKEbSqi4-Ap1HgHWuujKi47EYMla0ODJHjj6WC7IMZfDn1UvGqdXRu3Q88Myi-FcXDroqeofLU6h_4A0zJICnALL6MujgouVWNcnBkvKS_3bKiKWMmawlsJmBZVZLwsZm_fiueVt9_ov4bfAJ64QCWu0cI2WdgeoVDR6zyqJgjDvSoQ9InVYYGYyzwOI2w==\" frameborder=\"0\" scrolling=\"auto\" allowfullscreen style=\"display: block;margin-left: auto;margin-right: auto;max-width: 100%;\"><\/iframe><\/p>\n\n\n\n<hr class=\"wp-block-separator has-alpha-channel-opacity\"\/>\n\n\n\n<h3 class=\"wp-block-heading\">Nous contacter :<\/h3>\n\n\n\n<ul class=\"wp-block-list\">\n<li>Adresse : 41 rue du Commandant Paul D\u00e9m\u00e9n\u00e9, BP8741, 98807 Noum\u00e9a &#8211; Nouvelle-Cal\u00e9donie<\/li>\n\n\n\n<li>RIDET : 1 412 659<\/li>\n\n\n\n<li>Tel : (+687) 80 40 21 ou (+687) 78 62 55<\/li>\n\n\n\n<li>Email : ellelabiencherche@gmail.com ou contact@skills.nc<\/li>\n<\/ul>\n","protected":false},"excerpt":{"rendered":"<p>A Noum\u00e9a, et en Nouvelle-Cal\u00e9donie, nous proposons des ateliers de lutte contre le sexisme pour les entreprises, les organisations, le milieu scolaire et les particuliers. Mais \u00e9galement des interventions sur-mesure ainsi que des formations des d\u00e9l\u00e9gu\u00e9\u00b7e\u00b7s \u00e0 la lutte contre le sexisme. Nous animons des sensibilisations, des fresques du sexisme, des ateliers d&#8217;intelligence collective, des &hellip; <\/p>\n","protected":false},"author":1,"featured_media":725,"parent":0,"menu_order":0,"comment_status":"closed","ping_status":"closed","template":"","meta":{"footnotes":""},"class_list":["post-7","page","type-page","status-publish","has-post-thumbnail","hentry"],"yoast_head":"<!-- This site is optimized with the Yoast SEO plugin v20.4 - https:\/\/yoast.com\/wordpress\/plugins\/seo\/ -->\n<title>Bienvenue sur le site de r\u00e9f\u00e9rence de la lutte pour l&#039;\u00e9galit\u00e9 femmes-hommes en Nouvelle-Cal\u00e9donie :) - Elle l&#039;a bien cherch\u00e9 !?<\/title>\n<meta name=\"robots\" content=\"index, follow, max-snippet:-1, max-image-preview:large, max-video-preview:-1\" \/>\n<link rel=\"canonical\" href=\"https:\/\/ellelabiencherche.com\/\" \/>\n<meta property=\"og:locale\" content=\"fr_FR\" \/>\n<meta property=\"og:type\" content=\"article\" \/>\n<meta property=\"og:title\" content=\"Bienvenue sur le site de r\u00e9f\u00e9rence de la lutte pour l&#039;\u00e9galit\u00e9 femmes-hommes en Nouvelle-Cal\u00e9donie :) - Elle l&#039;a bien cherch\u00e9 !?\" \/>\n<meta property=\"og:description\" content=\"A Noum\u00e9a, et en Nouvelle-Cal\u00e9donie, nous proposons des ateliers de lutte contre le sexisme pour les entreprises, les organisations, le milieu scolaire et les particuliers. Mais \u00e9galement des interventions sur-mesure ainsi que des formations des d\u00e9l\u00e9gu\u00e9\u00b7e\u00b7s \u00e0 la lutte contre le sexisme. Nous animons des sensibilisations, des fresques du sexisme, des ateliers d&#8217;intelligence collective, des &hellip;\" \/>\n<meta property=\"og:url\" content=\"https:\/\/ellelabiencherche.com\/\" \/>\n<meta property=\"og:site_name\" content=\"Elle l&#039;a bien cherch\u00e9 !?\" \/>\n<meta property=\"article:publisher\" content=\"https:\/\/www.facebook.com\/ellelabiencherche\" \/>\n<meta property=\"article:modified_time\" content=\"2026-01-29T02:54:42+00:00\" \/>\n<meta property=\"og:image\" content=\"https:\/\/ellelabiencherche.com\/wp-content\/uploads\/2024\/10\/COUV-SITE.jpg\" \/>\n\t<meta property=\"og:image:width\" content=\"1000\" \/>\n\t<meta property=\"og:image:height\" content=\"370\" \/>\n\t<meta property=\"og:image:type\" content=\"image\/jpeg\" \/>\n<meta name=\"twitter:card\" content=\"summary_large_image\" \/>\n<meta name=\"twitter:label1\" content=\"Dur\u00e9e de lecture estim\u00e9e\" \/>\n\t<meta name=\"twitter:data1\" content=\"2 minutes\" \/>\n<script type=\"application\/ld+json\" class=\"yoast-schema-graph\">{\"@context\":\"https:\/\/schema.org\",\"@graph\":[{\"@type\":\"WebPage\",\"@id\":\"https:\/\/ellelabiencherche.com\/\",\"url\":\"https:\/\/ellelabiencherche.com\/\",\"name\":\"Bienvenue sur le site de r\u00e9f\u00e9rence de la lutte pour l'\u00e9galit\u00e9 femmes-hommes en Nouvelle-Cal\u00e9donie :) - Elle l&#039;a bien cherch\u00e9 !?\",\"isPartOf\":{\"@id\":\"https:\/\/ellelabiencherche.com\/#website\"},\"datePublished\":\"2022-01-09T13:37:42+00:00\",\"dateModified\":\"2026-01-29T02:54:42+00:00\",\"breadcrumb\":{\"@id\":\"https:\/\/ellelabiencherche.com\/#breadcrumb\"},\"inLanguage\":\"fr-FR\",\"potentialAction\":[{\"@type\":\"ReadAction\",\"target\":[\"https:\/\/ellelabiencherche.com\/\"]}]},{\"@type\":\"BreadcrumbList\",\"@id\":\"https:\/\/ellelabiencherche.com\/#breadcrumb\",\"itemListElement\":[{\"@type\":\"ListItem\",\"position\":1,\"name\":\"Accueil\",\"item\":\"https:\/\/ellelabiencherche.com\/\"},{\"@type\":\"ListItem\",\"position\":2,\"name\":\"Bienvenue sur le site de r\u00e9f\u00e9rence de la lutte pour l&#8217;\u00e9galit\u00e9 femmes-hommes en Nouvelle-Cal\u00e9donie :)\"}]},{\"@type\":\"WebSite\",\"@id\":\"https:\/\/ellelabiencherche.com\/#website\",\"url\":\"https:\/\/ellelabiencherche.com\/\",\"name\":\"Elle l&#039;a bien cherch\u00e9 !?\",\"description\":\"Formation et sensibilisation - \u00c9galit\u00e9 femmes\/hommes - Lutte contre le sexisme - Fresque du sexisme\",\"publisher\":{\"@id\":\"https:\/\/ellelabiencherche.com\/#organization\"},\"potentialAction\":[{\"@type\":\"SearchAction\",\"target\":{\"@type\":\"EntryPoint\",\"urlTemplate\":\"https:\/\/ellelabiencherche.com\/?s={search_term_string}\"},\"query-input\":\"required name=search_term_string\"}],\"inLanguage\":\"fr-FR\"},{\"@type\":\"Organization\",\"@id\":\"https:\/\/ellelabiencherche.com\/#organization\",\"name\":\"Elle l'a bien cherch\u00e9 !\",\"url\":\"https:\/\/ellelabiencherche.com\/\",\"logo\":{\"@type\":\"ImageObject\",\"inLanguage\":\"fr-FR\",\"@id\":\"https:\/\/ellelabiencherche.com\/#\/schema\/logo\/image\/\",\"url\":\"https:\/\/ellelabiencherche.com\/wp-content\/uploads\/2022\/06\/blog-Couverture-Facebook3.jpeg\",\"contentUrl\":\"https:\/\/ellelabiencherche.com\/wp-content\/uploads\/2022\/06\/blog-Couverture-Facebook3.jpeg\",\"width\":851,\"height\":315,\"caption\":\"Elle l'a bien cherch\u00e9 !\"},\"image\":{\"@id\":\"https:\/\/ellelabiencherche.com\/#\/schema\/logo\/image\/\"},\"sameAs\":[\"https:\/\/www.facebook.com\/ellelabiencherche\",\"https:\/\/www.instagram.com\/ellelabiencherche\/\"]}]}<\/script>\n<!-- \/ Yoast SEO plugin. -->","yoast_head_json":{"title":"Bienvenue sur le site de r\u00e9f\u00e9rence de la lutte pour l'\u00e9galit\u00e9 femmes-hommes en Nouvelle-Cal\u00e9donie :) - Elle l&#039;a bien cherch\u00e9 !?","robots":{"index":"index","follow":"follow","max-snippet":"max-snippet:-1","max-image-preview":"max-image-preview:large","max-video-preview":"max-video-preview:-1"},"canonical":"https:\/\/ellelabiencherche.com\/","og_locale":"fr_FR","og_type":"article","og_title":"Bienvenue sur le site de r\u00e9f\u00e9rence de la lutte pour l'\u00e9galit\u00e9 femmes-hommes en Nouvelle-Cal\u00e9donie :) - Elle l&#039;a bien cherch\u00e9 !?","og_description":"A Noum\u00e9a, et en Nouvelle-Cal\u00e9donie, nous proposons des ateliers de lutte contre le sexisme pour les entreprises, les organisations, le milieu scolaire et les particuliers. Mais \u00e9galement des interventions sur-mesure ainsi que des formations des d\u00e9l\u00e9gu\u00e9\u00b7e\u00b7s \u00e0 la lutte contre le sexisme. Nous animons des sensibilisations, des fresques du sexisme, des ateliers d&#8217;intelligence collective, des &hellip;","og_url":"https:\/\/ellelabiencherche.com\/","og_site_name":"Elle l&#039;a bien cherch\u00e9 !?","article_publisher":"https:\/\/www.facebook.com\/ellelabiencherche","article_modified_time":"2026-01-29T02:54:42+00:00","og_image":[{"width":1000,"height":370,"url":"https:\/\/ellelabiencherche.com\/wp-content\/uploads\/2024\/10\/COUV-SITE.jpg","type":"image\/jpeg"}],"twitter_card":"summary_large_image","twitter_misc":{"Dur\u00e9e de lecture estim\u00e9e":"2 minutes"},"schema":{"@context":"https:\/\/schema.org","@graph":[{"@type":"WebPage","@id":"https:\/\/ellelabiencherche.com\/","url":"https:\/\/ellelabiencherche.com\/","name":"Bienvenue sur le site de r\u00e9f\u00e9rence de la lutte pour l'\u00e9galit\u00e9 femmes-hommes en Nouvelle-Cal\u00e9donie :) - Elle l&#039;a bien cherch\u00e9 !?","isPartOf":{"@id":"https:\/\/ellelabiencherche.com\/#website"},"datePublished":"2022-01-09T13:37:42+00:00","dateModified":"2026-01-29T02:54:42+00:00","breadcrumb":{"@id":"https:\/\/ellelabiencherche.com\/#breadcrumb"},"inLanguage":"fr-FR","potentialAction":[{"@type":"ReadAction","target":["https:\/\/ellelabiencherche.com\/"]}]},{"@type":"BreadcrumbList","@id":"https:\/\/ellelabiencherche.com\/#breadcrumb","itemListElement":[{"@type":"ListItem","position":1,"name":"Accueil","item":"https:\/\/ellelabiencherche.com\/"},{"@type":"ListItem","position":2,"name":"Bienvenue sur le site de r\u00e9f\u00e9rence de la lutte pour l&#8217;\u00e9galit\u00e9 femmes-hommes en Nouvelle-Cal\u00e9donie :)"}]},{"@type":"WebSite","@id":"https:\/\/ellelabiencherche.com\/#website","url":"https:\/\/ellelabiencherche.com\/","name":"Elle l&#039;a bien cherch\u00e9 !?","description":"Formation et sensibilisation - \u00c9galit\u00e9 femmes\/hommes - Lutte contre le sexisme - Fresque du sexisme","publisher":{"@id":"https:\/\/ellelabiencherche.com\/#organization"},"potentialAction":[{"@type":"SearchAction","target":{"@type":"EntryPoint","urlTemplate":"https:\/\/ellelabiencherche.com\/?s={search_term_string}"},"query-input":"required name=search_term_string"}],"inLanguage":"fr-FR"},{"@type":"Organization","@id":"https:\/\/ellelabiencherche.com\/#organization","name":"Elle l'a bien cherch\u00e9 !","url":"https:\/\/ellelabiencherche.com\/","logo":{"@type":"ImageObject","inLanguage":"fr-FR","@id":"https:\/\/ellelabiencherche.com\/#\/schema\/logo\/image\/","url":"https:\/\/ellelabiencherche.com\/wp-content\/uploads\/2022\/06\/blog-Couverture-Facebook3.jpeg","contentUrl":"https:\/\/ellelabiencherche.com\/wp-content\/uploads\/2022\/06\/blog-Couverture-Facebook3.jpeg","width":851,"height":315,"caption":"Elle l'a bien cherch\u00e9 !"},"image":{"@id":"https:\/\/ellelabiencherche.com\/#\/schema\/logo\/image\/"},"sameAs":["https:\/\/www.facebook.com\/ellelabiencherche","https:\/\/www.instagram.com\/ellelabiencherche\/"]}]}},"_links":{"self":[{"href":"https:\/\/ellelabiencherche.com\/index.php\/wp-json\/wp\/v2\/pages\/7","targetHints":{"allow":["GET"]}}],"collection":[{"href":"https:\/\/ellelabiencherche.com\/index.php\/wp-json\/wp\/v2\/pages"}],"about":[{"href":"https:\/\/ellelabiencherche.com\/index.php\/wp-json\/wp\/v2\/types\/page"}],"author":[{"embeddable":true,"href":"https:\/\/ellelabiencherche.com\/index.php\/wp-json\/wp\/v2\/users\/1"}],"replies":[{"embeddable":true,"href":"https:\/\/ellelabiencherche.com\/index.php\/wp-json\/wp\/v2\/comments?post=7"}],"version-history":[{"count":26,"href":"https:\/\/ellelabiencherche.com\/index.php\/wp-json\/wp\/v2\/pages\/7\/revisions"}],"predecessor-version":[{"id":933,"href":"https:\/\/ellelabiencherche.com\/index.php\/wp-json\/wp\/v2\/pages\/7\/revisions\/933"}],"wp:featuredmedia":[{"embeddable":true,"href":"https:\/\/ellelabiencherche.com\/index.php\/wp-json\/wp\/v2\/media\/725"}],"wp:attachment":[{"href":"https:\/\/ellelabiencherche.com\/index.php\/wp-json\/wp\/v2\/media?parent=7"}],"curies":[{"name":"wp","href":"https:\/\/api.w.org\/{rel}","templated":true}]}}