{"id":448,"date":"2023-03-30T09:22:44","date_gmt":"2023-03-30T07:22:44","guid":{"rendered":"https:\/\/ellelabiencherche.com\/?page_id=448"},"modified":"2025-12-28T01:26:06","modified_gmt":"2025-12-28T00:26:06","slug":"prestations","status":"publish","type":"page","link":"https:\/\/ellelabiencherche.com\/index.php\/prestations\/","title":{"rendered":"Prestations"},"content":{"rendered":"\n<p>Pour conna\u00eetre les dates des ateliers ouverts \u00e0 tous\u00b7tes, rendez-vous sur la page facebook <a href=\"https:\/\/www.facebook.com\/ellelabiencherche\">https:\/\/www.facebook.com\/ellelabiencherche<\/a> <\/p>\n\n\n\n<p>Pour une demande d&#8217;intervention ou d&#8217;atelier \u00e9crivez-nous : <a href=\"mailto:ellelabiencherche@gmail.com\" target=\"_blank\" rel=\"noreferrer noopener\">ellelabiencherche@gmail.com<\/a><\/p>\n\n\n\n<h2 class=\"wp-block-heading\"><mark style=\"background-color:rgba(0, 0, 0, 0)\" class=\"has-inline-color has-vivid-purple-color\">Formation \u00e0 la lutte contre le sexisme<\/mark> : avec Skills Factory NC<\/h2>\n\n\n\n<p>Je propose des formations de 2 jours, d\u00e9di\u00e9es aux DLS (d\u00e9l\u00e9gu\u00e9\u00b7e\u00b7s \u00e0 la lutte contre le sexisme). Dans ces formations, men\u00e9es en partenariat avec l&#8217;organisme de formation <a href=\"http:\/\/skills.nc\">Skills Factory (skills.nc)<\/a>, et en duo avec Gu\u00e9nol\u00e9 Bouvet, nous proposons les objectifs suivants : <\/p>\n\n\n\n<ol class=\"wp-block-list\">\n<li>D\u00e9finir et d\u00e9crire le concept de sexisme ainsi que ses principales formes.<\/li>\n\n\n\n<li>Analyser la m\u00e9canique du sexisme et expliquer les notions associ\u00e9es : st\u00e9r\u00e9otype, discrimination, in\u00e9galit\u00e9.<\/li>\n\n\n\n<li>Expliquer le lien entre le sexisme et les violences \u00e0 travers la notion de continuum.<\/li>\n\n\n\n<li>Identifier et reconna\u00eetre les manifestations du sexisme dans le milieu professionnel.<\/li>\n\n\n\n<li>Distinguer les agissements sexistes, le harc\u00e8lement sexuel et les agressions sexuelles \u00e0 partir de situations concr\u00e8tes.<\/li>\n\n\n\n<li>\u00c9valuer les cons\u00e9quences du sexisme sur les victimes, les \u00e9quipes, les organisations et la soci\u00e9t\u00e9, et en expliquer les impacts.<\/li>\n\n\n\n<li>Mettre en \u0153uvre une posture d\u2019\u00e9coute et d\u2019accueil adapt\u00e9e aupr\u00e8s des victimes.<\/li>\n\n\n\n<li>Appliquer les principes de r\u00e9daction d\u2019un rapport de signalement conforme aux obligations l\u00e9gales et d\u00e9ontologiques.<\/li>\n\n\n\n<li>Concevoir et proposer des actions de sensibilisation et de pr\u00e9vention du sexisme adapt\u00e9es aux contextes professionnels.<\/li>\n<\/ol>\n\n\n\n<figure class=\"wp-block-image size-large\"><img loading=\"lazy\" decoding=\"async\" width=\"1024\" height=\"576\" src=\"https:\/\/ellelabiencherche.com\/wp-content\/uploads\/2025\/12\/DLS-FORMATION-FICHE-RECAP-des-DLS.pdf-1024x576.jpg\" alt=\"\" class=\"wp-image-882\" srcset=\"https:\/\/ellelabiencherche.com\/wp-content\/uploads\/2025\/12\/DLS-FORMATION-FICHE-RECAP-des-DLS.pdf-1024x576.jpg 1024w, https:\/\/ellelabiencherche.com\/wp-content\/uploads\/2025\/12\/DLS-FORMATION-FICHE-RECAP-des-DLS.pdf-300x169.jpg 300w, https:\/\/ellelabiencherche.com\/wp-content\/uploads\/2025\/12\/DLS-FORMATION-FICHE-RECAP-des-DLS.pdf-768x432.jpg 768w, https:\/\/ellelabiencherche.com\/wp-content\/uploads\/2025\/12\/DLS-FORMATION-FICHE-RECAP-des-DLS.pdf-107x60.jpg 107w, https:\/\/ellelabiencherche.com\/wp-content\/uploads\/2025\/12\/DLS-FORMATION-FICHE-RECAP-des-DLS.pdf.jpg 1440w\" sizes=\"auto, (max-width: 1024px) 100vw, 1024px\" \/><\/figure>\n\n\n\n<p><a href=\"https:\/\/skills.nc\/formation\/dls2p-r-devenir-delegue-a-la-lutte-contre-le-sexisme-formation-initiale\/\">R\u00e9server une place pour la prochaine session de formation initiales des DLS : ici.<\/a><\/p>\n\n\n\n<p>Nous proposons \u00e9galement des recyclages. Les recyclages sont obligatoires, 1 fois par an. <a href=\"https:\/\/skills.nc\/formation\/dlsrp-r-devenir-delegue-a-la-lutte-contre-le-sexisme-formation-recyclage\/\">Plus d&#8217;infos ici.<\/a><\/p>\n\n\n\n<p>Contact : contact@skills.nc | Tel : 786255 | skills.nc<\/p>\n\n\n\n<h2 class=\"wp-block-heading\"><mark style=\"background-color:rgba(0, 0, 0, 0)\" class=\"has-inline-color has-vivid-purple-color\">Atelier de sensibilisation<\/mark> : C&#8217;est Juste Une Blague !<\/h2>\n\n\n\n<div class=\"wp-block-columns is-layout-flex wp-container-core-columns-is-layout-9d6595d7 wp-block-columns-is-layout-flex\">\n<div class=\"wp-block-column is-layout-flow wp-block-column-is-layout-flow\">\n<p>&#8220;<strong>C&#8217;est juste une blague !<\/strong>&#8221; \u2192 Un atelier anim\u00e9 en bin\u00f4me pour d\u00e9construire le sexisme ordinaire dans le monde du travail. Cette sensibilisation contient le sketch de la pyramide du sexisme, suivi par un apport de connaissances sur le sexisme, les Violences Sexistes et Sexuelles au Travail (VSST), ainsi que les cons\u00e9quences sur les victimes, l&#8217;\u00e9quipe de travail et l&#8217;entreprise\/l&#8217;organisation.<\/p>\n\n\n\n<p>OPTION : Cet atelier peut \u00eatre pr\u00e9c\u00e9d\u00e9 d&#8217;une \u00e9valuation du niveau de sexisme dans l&#8217;entreprise\/organisation via un questionnaire anonyme pr\u00e9alable soumis aux salari\u00e9\u00b7e\u00b7s.<\/p>\n\n\n\n<p><br>Dur\u00e9e : 2h (ou 2h30 avec restitution des r\u00e9sultats de l&#8217;enqu\u00eate en option)<br>Nombre de participant\u00b7es : 12 max pour favoriser les \u00e9changes<\/p>\n\n\n\n<p><\/p>\n<\/div>\n\n\n\n<div class=\"wp-block-column is-layout-flow wp-block-column-is-layout-flow\">\n<figure class=\"wp-block-image size-full\"><img loading=\"lazy\" decoding=\"async\" width=\"600\" height=\"334\" src=\"https:\/\/ellelabiencherche.com\/wp-content\/uploads\/2024\/08\/ILLUSTRATION-CESTJUSTEUNEBLAGUE.jpg\" alt=\"\" class=\"wp-image-705\" srcset=\"https:\/\/ellelabiencherche.com\/wp-content\/uploads\/2024\/08\/ILLUSTRATION-CESTJUSTEUNEBLAGUE.jpg 600w, https:\/\/ellelabiencherche.com\/wp-content\/uploads\/2024\/08\/ILLUSTRATION-CESTJUSTEUNEBLAGUE-300x167.jpg 300w, https:\/\/ellelabiencherche.com\/wp-content\/uploads\/2024\/08\/ILLUSTRATION-CESTJUSTEUNEBLAGUE-108x60.jpg 108w\" sizes=\"auto, (max-width: 600px) 100vw, 600px\" \/><\/figure>\n\n\n\n<figure class=\"wp-block-image size-full\"><img loading=\"lazy\" decoding=\"async\" width=\"500\" height=\"335\" src=\"https:\/\/ellelabiencherche.com\/wp-content\/uploads\/2024\/08\/ILLUSTRATION-SKETCH-PYRAMIDE.jpg\" alt=\"\" class=\"wp-image-706\" srcset=\"https:\/\/ellelabiencherche.com\/wp-content\/uploads\/2024\/08\/ILLUSTRATION-SKETCH-PYRAMIDE.jpg 500w, https:\/\/ellelabiencherche.com\/wp-content\/uploads\/2024\/08\/ILLUSTRATION-SKETCH-PYRAMIDE-300x201.jpg 300w, https:\/\/ellelabiencherche.com\/wp-content\/uploads\/2024\/08\/ILLUSTRATION-SKETCH-PYRAMIDE-90x60.jpg 90w\" sizes=\"auto, (max-width: 500px) 100vw, 500px\" \/><\/figure>\n<\/div>\n<\/div>\n\n\n\n<h2 class=\"wp-block-heading has-vivid-purple-color has-text-color has-link-color wp-elements-363b0dab2d619dd25fdcdeeecb1766f3\">Louez la vid\u00e9o du sketch : La Pyramide du Sexisme et organisez votre propre sensibilisation<\/h2>\n\n\n\n<div class=\"wp-block-columns is-layout-flex wp-container-core-columns-is-layout-9d6595d7 wp-block-columns-is-layout-flex\">\n<div class=\"wp-block-column is-layout-flow wp-block-column-is-layout-flow\">\n<figure class=\"wp-block-image size-full\"><img loading=\"lazy\" decoding=\"async\" width=\"1024\" height=\"640\" src=\"https:\/\/ellelabiencherche.com\/wp-content\/uploads\/2025\/09\/4.jpg\" alt=\"\" class=\"wp-image-798\" srcset=\"https:\/\/ellelabiencherche.com\/wp-content\/uploads\/2025\/09\/4.jpg 1024w, https:\/\/ellelabiencherche.com\/wp-content\/uploads\/2025\/09\/4-300x188.jpg 300w, https:\/\/ellelabiencherche.com\/wp-content\/uploads\/2025\/09\/4-768x480.jpg 768w, https:\/\/ellelabiencherche.com\/wp-content\/uploads\/2025\/09\/4-320x200.jpg 320w, https:\/\/ellelabiencherche.com\/wp-content\/uploads\/2025\/09\/4-96x60.jpg 96w\" sizes=\"auto, (max-width: 1024px) 100vw, 1024px\" \/><\/figure>\n<\/div>\n\n\n\n<div class=\"wp-block-column is-layout-flow wp-block-column-is-layout-flow\">\n<p>Utilisez la vid\u00e9o de ce sketch de 15 minutes pour vos sensibilisations \u2192 <a href=\"ellelabiencherche@gmail.com\">contactez-nous<\/a> pour obtenir un <strong><mark style=\"background-color:rgba(0, 0, 0, 0);color:#df00ff\" class=\"has-inline-color\">acc\u00e8s \u00e0 la vid\u00e9o<\/mark><\/strong>.<\/p>\n\n\n\n<p>Prix indicatif en fonction de la dur\u00e9e d&#8217;acc\u00e8s : <\/p>\n\n\n\n<ul class=\"wp-block-list\">\n<li>1 journ\u00e9e : 9.000 XPF (HT) ; 80 \u20ac<\/li>\n\n\n\n<li>1 semaine : 24.000 XPF (HT) ; 200 \u20ac<\/li>\n\n\n\n<li>1 mois : 49.000 XPF (HT) : 400 \u20ac<\/li>\n<\/ul>\n<\/div>\n<\/div>\n\n\n\n<p>Dans ce sketch de 15 minutes, il est question de <\/p>\n\n\n\n<ul class=\"wp-block-list\">\n<li>la d\u00e9finition du sexisme, en se basant sur un exemple absurde (la calvitie)<\/li>\n\n\n\n<li>de la dimension syst\u00e9mique du sexisme, <\/li>\n\n\n\n<li>des violences sexistes et sexuelles (VSS) qui en d\u00e9coulent, <\/li>\n\n\n\n<li>du continuum des VSS<\/li>\n\n\n\n<li>de la m\u00e9canique du sexisme (les st\u00e9r\u00e9otypes encouragent les discriminations qui elles-m\u00eames provoquent des in\u00e9galit\u00e9s qui renforcent les st\u00e9r\u00e9otypes)<\/li>\n\n\n\n<li>de ce que chacun peut faire au quotidien pour lutter contre le sexisme et donc, contre les violences.<\/li>\n<\/ul>\n\n\n\n<p>Ce sketch permet de comprendre le lien entre le sexisme ordinaire et les violences sexistes et sexuelles. Il donne envie d&#8217;agir.<\/p>\n\n\n\n<h2 class=\"wp-block-heading\">Sensibilisation : <mark style=\"background-color:rgba(0, 0, 0, 0)\" class=\"has-inline-color has-vivid-purple-color\">Fresque du Sexisme<\/mark><\/h2>\n\n\n\n<div class=\"wp-block-columns is-layout-flex wp-container-core-columns-is-layout-9d6595d7 wp-block-columns-is-layout-flex\">\n<div class=\"wp-block-column is-layout-flow wp-block-column-is-layout-flow\">\n<figure class=\"wp-block-image size-large\"><img loading=\"lazy\" decoding=\"async\" width=\"1024\" height=\"538\" src=\"https:\/\/ellelabiencherche.com\/wp-content\/uploads\/2023\/04\/fds-global-rect-1024x538.png\" alt=\"\" class=\"wp-image-506\" srcset=\"https:\/\/ellelabiencherche.com\/wp-content\/uploads\/2023\/04\/fds-global-rect-1024x538.png 1024w, https:\/\/ellelabiencherche.com\/wp-content\/uploads\/2023\/04\/fds-global-rect-300x158.png 300w, https:\/\/ellelabiencherche.com\/wp-content\/uploads\/2023\/04\/fds-global-rect-768x403.png 768w, https:\/\/ellelabiencherche.com\/wp-content\/uploads\/2023\/04\/fds-global-rect-114x60.png 114w, https:\/\/ellelabiencherche.com\/wp-content\/uploads\/2023\/04\/fds-global-rect.png 1200w\" sizes=\"auto, (max-width: 1024px) 100vw, 1024px\" \/><\/figure>\n<\/div>\n\n\n\n<div class=\"wp-block-column is-layout-flow wp-block-column-is-layout-flow\">\n<p>Un atelier ludique et participatif pour comprendre la m\u00e9canique sexiste et ses cons\u00e9quences dans notre soci\u00e9t\u00e9, trouver des leviers d&#8217;actions, imaginer des strat\u00e9gies de r\u00e9ponse aux situations sexistes (\u00e0 partir de 16 ans).<br>Public : Entreprises, universit\u00e9, r\u00e9f\u00e9rent\u00b7es \u00e9galit\u00e9, d\u00e9l\u00e9gu\u00e9\u00b7es \u00e0 la lutte contre le sexisme, scolaire (terminale).<\/p>\n<\/div>\n<\/div>\n\n\n\n<h2 class=\"wp-block-heading has-vivid-purple-color has-text-color has-link-color wp-elements-561b237e974735b0d99d13fc4b0b0b89\">Intervention de 2h : La Pyramide du Sexisme <em>(en live)<\/em> + d\u00e9bat<\/h2>\n\n\n\n<p><\/p>\n\n\n\n<div class=\"wp-block-columns is-layout-flex wp-container-core-columns-is-layout-9d6595d7 wp-block-columns-is-layout-flex\">\n<div class=\"wp-block-column is-layout-flow wp-block-column-is-layout-flow\">\n<figure class=\"wp-block-image size-full\"><img loading=\"lazy\" decoding=\"async\" width=\"1024\" height=\"640\" src=\"https:\/\/ellelabiencherche.com\/wp-content\/uploads\/2025\/09\/3-1.jpg\" alt=\"\" class=\"wp-image-799\" srcset=\"https:\/\/ellelabiencherche.com\/wp-content\/uploads\/2025\/09\/3-1.jpg 1024w, https:\/\/ellelabiencherche.com\/wp-content\/uploads\/2025\/09\/3-1-300x188.jpg 300w, https:\/\/ellelabiencherche.com\/wp-content\/uploads\/2025\/09\/3-1-768x480.jpg 768w, https:\/\/ellelabiencherche.com\/wp-content\/uploads\/2025\/09\/3-1-320x200.jpg 320w, https:\/\/ellelabiencherche.com\/wp-content\/uploads\/2025\/09\/3-1-96x60.jpg 96w\" sizes=\"auto, (max-width: 1024px) 100vw, 1024px\" \/><\/figure>\n<\/div>\n\n\n\n<div class=\"wp-block-column is-layout-flow wp-block-column-is-layout-flow\">\n<p>Un sketch de 15 minutes, suivi d\u2019un d\u00e9bat sur le sexisme et ses cons\u00e9quences. Avec des jeux interactifs.<\/p>\n\n\n\n<p>Public : entreprises, association, institutions &#8211; r\u00e9f\u00e9rent\u00b7es \u00e9galit\u00e9, d\u00e9l\u00e9gu\u00e9\u00b7es \u00e0 la lutte contre le sexisme.<\/p>\n\n\n\n<p>Dur\u00e9e : 1 H.<\/p>\n<\/div>\n<\/div>\n\n\n\n<p>Vous souhaitez utiliser vous-m\u00eame <strong>la vid\u00e9o de ce sketch<\/strong> pour vos sensibilisation ? \u2192 <a href=\"ellelabiencherche@gmail.com\">contactez-nous<\/a> pour obtenir un devis.<\/p>\n\n\n\n<h2 class=\"wp-block-heading\"><mark style=\"background-color:rgba(0, 0, 0, 0)\" class=\"has-inline-color has-vivid-purple-color\">Th\u00e9\u00e2tre-forum : sensibilisation par le th\u00e9\u00e2tre<\/mark><\/h2>\n\n\n\n<div class=\"wp-block-columns is-layout-flex wp-container-core-columns-is-layout-9d6595d7 wp-block-columns-is-layout-flex\">\n<div class=\"wp-block-column is-layout-flow wp-block-column-is-layout-flow\">\n<figure class=\"wp-block-image size-full\"><img loading=\"lazy\" decoding=\"async\" width=\"822\" height=\"460\" src=\"https:\/\/ellelabiencherche.com\/wp-content\/uploads\/2024\/10\/jmx.jpg\" alt=\"\" class=\"wp-image-736\" srcset=\"https:\/\/ellelabiencherche.com\/wp-content\/uploads\/2024\/10\/jmx.jpg 822w, https:\/\/ellelabiencherche.com\/wp-content\/uploads\/2024\/10\/jmx-300x168.jpg 300w, https:\/\/ellelabiencherche.com\/wp-content\/uploads\/2024\/10\/jmx-768x430.jpg 768w, https:\/\/ellelabiencherche.com\/wp-content\/uploads\/2024\/10\/jmx-107x60.jpg 107w\" sizes=\"auto, (max-width: 822px) 100vw, 822px\" \/><\/figure>\n<\/div>\n\n\n\n<div class=\"wp-block-column is-layout-flow wp-block-column-is-layout-flow\">\n<p>C\u2019est un&nbsp;outil de sensibilisation qui permet, via le jeu th\u00e9\u00e2tral interactif, de faire \u00e9merger la parole et la r\u00e9flexion sur un th\u00e8me donn\u00e9.<\/p>\n\n\n\n<p>Intervention en bin\u00f4me avec un com\u00e9dien professionnel sur les th\u00e8mes se rapportant \u00e0 l&#8217;\u00e9galit\u00e9 femmes-hommes, les violences sexistes et sexuelles, les discriminations de genre, les st\u00e9r\u00e9otypes de genre.<\/p>\n<\/div>\n<\/div>\n\n\n\n<h2 class=\"wp-block-heading\"><mark style=\"background-color:rgba(0, 0, 0, 0)\" class=\"has-inline-color has-vivid-purple-color\">Atelier de r\u00e9partie anti-sexiste<\/mark><\/h2>\n\n\n\n<div class=\"wp-block-columns is-layout-flex wp-container-core-columns-is-layout-9d6595d7 wp-block-columns-is-layout-flex\">\n<div class=\"wp-block-column is-layout-flow wp-block-column-is-layout-flow\">\n<p>L&#8217;atelier &#8220;Clash le sexisme&#8221; est con\u00e7u pour offrir un espace s\u00e9curis\u00e9 et bienveillant o\u00f9 les participant\u00b7es peuvent apprendre et s&#8217;exercer \u00e0 contrer les remarques et attitudes sexistes qu&#8217;ils\/elles rencontrent au quotidien. \u00c0 travers une vari\u00e9t\u00e9 d&#8217;activit\u00e9s interactives, de jeux de r\u00f4le et de discussions en groupe, nous explorons les racines du sexisme, et d\u00e9veloppons des strat\u00e9gies concr\u00e8tes pour y r\u00e9pondre de mani\u00e8re assertive et constructive.<\/p>\n<\/div>\n\n\n\n<div class=\"wp-block-column is-layout-flow wp-block-column-is-layout-flow\">\n<figure class=\"wp-block-image size-full\"><img loading=\"lazy\" decoding=\"async\" width=\"822\" height=\"588\" src=\"https:\/\/ellelabiencherche.com\/wp-content\/uploads\/2024\/10\/clash.jpg\" alt=\"\" class=\"wp-image-738\" srcset=\"https:\/\/ellelabiencherche.com\/wp-content\/uploads\/2024\/10\/clash.jpg 822w, https:\/\/ellelabiencherche.com\/wp-content\/uploads\/2024\/10\/clash-300x215.jpg 300w, https:\/\/ellelabiencherche.com\/wp-content\/uploads\/2024\/10\/clash-768x549.jpg 768w, https:\/\/ellelabiencherche.com\/wp-content\/uploads\/2024\/10\/clash-84x60.jpg 84w\" sizes=\"auto, (max-width: 822px) 100vw, 822px\" \/><\/figure>\n<\/div>\n<\/div>\n\n\n\n<h2 class=\"wp-block-heading\"><mark style=\"background-color:rgba(0, 0, 0, 0)\" class=\"has-inline-color has-vivid-purple-color\">Intervention sur mesure<\/mark><\/h2>\n\n\n\n<p>Si vous souhaitez une intervention sur l&#8217;\u00e9galit\u00e9 femmes-hommes, le sexisme, le f\u00e9minisme, les st\u00e9r\u00e9otypes de genre, les violences sexistes et sexuelles, <a href=\"ellelabiencherche@gmail.com\">contactez-nous<\/a> afin de construire une intervention adapt\u00e9e aux besoins et au type de public.<\/p>\n","protected":false},"excerpt":{"rendered":"<p>Pour conna\u00eetre les dates des ateliers ouverts \u00e0 tous\u00b7tes, rendez-vous sur la page facebook https:\/\/www.facebook.com\/ellelabiencherche Pour une demande d&#8217;intervention ou d&#8217;atelier \u00e9crivez-nous : ellelabiencherche@gmail.com Formation \u00e0 la lutte contre le sexisme : avec Skills Factory NC Je propose des formations de 2 jours, d\u00e9di\u00e9es aux DLS (d\u00e9l\u00e9gu\u00e9\u00b7e\u00b7s \u00e0 la lutte contre le sexisme). Dans ces &hellip; <\/p>\n","protected":false},"author":1,"featured_media":0,"parent":0,"menu_order":0,"comment_status":"closed","ping_status":"closed","template":"","meta":{"footnotes":""},"class_list":["post-448","page","type-page","status-publish","hentry"],"yoast_head":"<!-- This site is optimized with the Yoast SEO plugin v20.4 - https:\/\/yoast.com\/wordpress\/plugins\/seo\/ -->\n<title>Prestations - Elle l&#039;a bien cherch\u00e9 !?<\/title>\n<meta name=\"robots\" content=\"index, follow, max-snippet:-1, max-image-preview:large, max-video-preview:-1\" \/>\n<link rel=\"canonical\" href=\"https:\/\/ellelabiencherche.com\/index.php\/prestations\/\" \/>\n<meta property=\"og:locale\" content=\"fr_FR\" \/>\n<meta property=\"og:type\" content=\"article\" \/>\n<meta property=\"og:title\" content=\"Prestations - Elle l&#039;a bien cherch\u00e9 !?\" \/>\n<meta property=\"og:description\" content=\"Pour conna\u00eetre les dates des ateliers ouverts \u00e0 tous\u00b7tes, rendez-vous sur la page facebook https:\/\/www.facebook.com\/ellelabiencherche Pour une demande d&#8217;intervention ou d&#8217;atelier \u00e9crivez-nous : ellelabiencherche@gmail.com Formation \u00e0 la lutte contre le sexisme : avec Skills Factory NC Je propose des formations de 2 jours, d\u00e9di\u00e9es aux DLS (d\u00e9l\u00e9gu\u00e9\u00b7e\u00b7s \u00e0 la lutte contre le sexisme). Dans ces &hellip;\" \/>\n<meta property=\"og:url\" content=\"https:\/\/ellelabiencherche.com\/index.php\/prestations\/\" \/>\n<meta property=\"og:site_name\" content=\"Elle l&#039;a bien cherch\u00e9 !?\" \/>\n<meta property=\"article:publisher\" content=\"https:\/\/www.facebook.com\/ellelabiencherche\" \/>\n<meta property=\"article:modified_time\" content=\"2025-12-28T00:26:06+00:00\" \/>\n<meta property=\"og:image\" content=\"https:\/\/ellelabiencherche.com\/wp-content\/uploads\/2025\/12\/DLS-FORMATION-FICHE-RECAP-des-DLS.pdf-1024x576.jpg\" \/>\n<meta name=\"twitter:card\" content=\"summary_large_image\" \/>\n<meta name=\"twitter:label1\" content=\"Dur\u00e9e de lecture estim\u00e9e\" \/>\n\t<meta name=\"twitter:data1\" content=\"6 minutes\" \/>\n<script type=\"application\/ld+json\" class=\"yoast-schema-graph\">{\"@context\":\"https:\/\/schema.org\",\"@graph\":[{\"@type\":\"WebPage\",\"@id\":\"https:\/\/ellelabiencherche.com\/index.php\/prestations\/\",\"url\":\"https:\/\/ellelabiencherche.com\/index.php\/prestations\/\",\"name\":\"Prestations - Elle l&#039;a bien cherch\u00e9 !?\",\"isPartOf\":{\"@id\":\"https:\/\/ellelabiencherche.com\/#website\"},\"datePublished\":\"2023-03-30T07:22:44+00:00\",\"dateModified\":\"2025-12-28T00:26:06+00:00\",\"breadcrumb\":{\"@id\":\"https:\/\/ellelabiencherche.com\/index.php\/prestations\/#breadcrumb\"},\"inLanguage\":\"fr-FR\",\"potentialAction\":[{\"@type\":\"ReadAction\",\"target\":[\"https:\/\/ellelabiencherche.com\/index.php\/prestations\/\"]}]},{\"@type\":\"BreadcrumbList\",\"@id\":\"https:\/\/ellelabiencherche.com\/index.php\/prestations\/#breadcrumb\",\"itemListElement\":[{\"@type\":\"ListItem\",\"position\":1,\"name\":\"Accueil\",\"item\":\"https:\/\/ellelabiencherche.com\/\"},{\"@type\":\"ListItem\",\"position\":2,\"name\":\"Prestations\"}]},{\"@type\":\"WebSite\",\"@id\":\"https:\/\/ellelabiencherche.com\/#website\",\"url\":\"https:\/\/ellelabiencherche.com\/\",\"name\":\"Elle l&#039;a bien cherch\u00e9 !?\",\"description\":\"Formation et sensibilisation - \u00c9galit\u00e9 femmes\/hommes - Lutte contre le sexisme - Fresque du sexisme\",\"publisher\":{\"@id\":\"https:\/\/ellelabiencherche.com\/#organization\"},\"potentialAction\":[{\"@type\":\"SearchAction\",\"target\":{\"@type\":\"EntryPoint\",\"urlTemplate\":\"https:\/\/ellelabiencherche.com\/?s={search_term_string}\"},\"query-input\":\"required name=search_term_string\"}],\"inLanguage\":\"fr-FR\"},{\"@type\":\"Organization\",\"@id\":\"https:\/\/ellelabiencherche.com\/#organization\",\"name\":\"Elle l'a bien cherch\u00e9 !\",\"url\":\"https:\/\/ellelabiencherche.com\/\",\"logo\":{\"@type\":\"ImageObject\",\"inLanguage\":\"fr-FR\",\"@id\":\"https:\/\/ellelabiencherche.com\/#\/schema\/logo\/image\/\",\"url\":\"https:\/\/ellelabiencherche.com\/wp-content\/uploads\/2022\/06\/blog-Couverture-Facebook3.jpeg\",\"contentUrl\":\"https:\/\/ellelabiencherche.com\/wp-content\/uploads\/2022\/06\/blog-Couverture-Facebook3.jpeg\",\"width\":851,\"height\":315,\"caption\":\"Elle l'a bien cherch\u00e9 !\"},\"image\":{\"@id\":\"https:\/\/ellelabiencherche.com\/#\/schema\/logo\/image\/\"},\"sameAs\":[\"https:\/\/www.facebook.com\/ellelabiencherche\",\"https:\/\/www.instagram.com\/ellelabiencherche\/\"]}]}<\/script>\n<!-- \/ Yoast SEO plugin. -->","yoast_head_json":{"title":"Prestations - Elle l&#039;a bien cherch\u00e9 !?","robots":{"index":"index","follow":"follow","max-snippet":"max-snippet:-1","max-image-preview":"max-image-preview:large","max-video-preview":"max-video-preview:-1"},"canonical":"https:\/\/ellelabiencherche.com\/index.php\/prestations\/","og_locale":"fr_FR","og_type":"article","og_title":"Prestations - Elle l&#039;a bien cherch\u00e9 !?","og_description":"Pour conna\u00eetre les dates des ateliers ouverts \u00e0 tous\u00b7tes, rendez-vous sur la page facebook https:\/\/www.facebook.com\/ellelabiencherche Pour une demande d&#8217;intervention ou d&#8217;atelier \u00e9crivez-nous : ellelabiencherche@gmail.com Formation \u00e0 la lutte contre le sexisme : avec Skills Factory NC Je propose des formations de 2 jours, d\u00e9di\u00e9es aux DLS (d\u00e9l\u00e9gu\u00e9\u00b7e\u00b7s \u00e0 la lutte contre le sexisme). Dans ces &hellip;","og_url":"https:\/\/ellelabiencherche.com\/index.php\/prestations\/","og_site_name":"Elle l&#039;a bien cherch\u00e9 !?","article_publisher":"https:\/\/www.facebook.com\/ellelabiencherche","article_modified_time":"2025-12-28T00:26:06+00:00","og_image":[{"url":"https:\/\/ellelabiencherche.com\/wp-content\/uploads\/2025\/12\/DLS-FORMATION-FICHE-RECAP-des-DLS.pdf-1024x576.jpg"}],"twitter_card":"summary_large_image","twitter_misc":{"Dur\u00e9e de lecture estim\u00e9e":"6 minutes"},"schema":{"@context":"https:\/\/schema.org","@graph":[{"@type":"WebPage","@id":"https:\/\/ellelabiencherche.com\/index.php\/prestations\/","url":"https:\/\/ellelabiencherche.com\/index.php\/prestations\/","name":"Prestations - Elle l&#039;a bien cherch\u00e9 !?","isPartOf":{"@id":"https:\/\/ellelabiencherche.com\/#website"},"datePublished":"2023-03-30T07:22:44+00:00","dateModified":"2025-12-28T00:26:06+00:00","breadcrumb":{"@id":"https:\/\/ellelabiencherche.com\/index.php\/prestations\/#breadcrumb"},"inLanguage":"fr-FR","potentialAction":[{"@type":"ReadAction","target":["https:\/\/ellelabiencherche.com\/index.php\/prestations\/"]}]},{"@type":"BreadcrumbList","@id":"https:\/\/ellelabiencherche.com\/index.php\/prestations\/#breadcrumb","itemListElement":[{"@type":"ListItem","position":1,"name":"Accueil","item":"https:\/\/ellelabiencherche.com\/"},{"@type":"ListItem","position":2,"name":"Prestations"}]},{"@type":"WebSite","@id":"https:\/\/ellelabiencherche.com\/#website","url":"https:\/\/ellelabiencherche.com\/","name":"Elle l&#039;a bien cherch\u00e9 !?","description":"Formation et sensibilisation - \u00c9galit\u00e9 femmes\/hommes - Lutte contre le sexisme - Fresque du sexisme","publisher":{"@id":"https:\/\/ellelabiencherche.com\/#organization"},"potentialAction":[{"@type":"SearchAction","target":{"@type":"EntryPoint","urlTemplate":"https:\/\/ellelabiencherche.com\/?s={search_term_string}"},"query-input":"required name=search_term_string"}],"inLanguage":"fr-FR"},{"@type":"Organization","@id":"https:\/\/ellelabiencherche.com\/#organization","name":"Elle l'a bien cherch\u00e9 !","url":"https:\/\/ellelabiencherche.com\/","logo":{"@type":"ImageObject","inLanguage":"fr-FR","@id":"https:\/\/ellelabiencherche.com\/#\/schema\/logo\/image\/","url":"https:\/\/ellelabiencherche.com\/wp-content\/uploads\/2022\/06\/blog-Couverture-Facebook3.jpeg","contentUrl":"https:\/\/ellelabiencherche.com\/wp-content\/uploads\/2022\/06\/blog-Couverture-Facebook3.jpeg","width":851,"height":315,"caption":"Elle l'a bien cherch\u00e9 !"},"image":{"@id":"https:\/\/ellelabiencherche.com\/#\/schema\/logo\/image\/"},"sameAs":["https:\/\/www.facebook.com\/ellelabiencherche","https:\/\/www.instagram.com\/ellelabiencherche\/"]}]}},"_links":{"self":[{"href":"https:\/\/ellelabiencherche.com\/index.php\/wp-json\/wp\/v2\/pages\/448","targetHints":{"allow":["GET"]}}],"collection":[{"href":"https:\/\/ellelabiencherche.com\/index.php\/wp-json\/wp\/v2\/pages"}],"about":[{"href":"https:\/\/ellelabiencherche.com\/index.php\/wp-json\/wp\/v2\/types\/page"}],"author":[{"embeddable":true,"href":"https:\/\/ellelabiencherche.com\/index.php\/wp-json\/wp\/v2\/users\/1"}],"replies":[{"embeddable":true,"href":"https:\/\/ellelabiencherche.com\/index.php\/wp-json\/wp\/v2\/comments?post=448"}],"version-history":[{"count":49,"href":"https:\/\/ellelabiencherche.com\/index.php\/wp-json\/wp\/v2\/pages\/448\/revisions"}],"predecessor-version":[{"id":883,"href":"https:\/\/ellelabiencherche.com\/index.php\/wp-json\/wp\/v2\/pages\/448\/revisions\/883"}],"wp:attachment":[{"href":"https:\/\/ellelabiencherche.com\/index.php\/wp-json\/wp\/v2\/media?parent=448"}],"curies":[{"name":"wp","href":"https:\/\/api.w.org\/{rel}","templated":true}]}}